{"id":348,"date":"2018-04-02T18:03:15","date_gmt":"2018-04-02T21:03:15","guid":{"rendered":"https:\/\/doriscapurro.com\/wp\/?page_id=348"},"modified":"2022-02-01T09:57:14","modified_gmt":"2022-02-01T12:57:14","slug":"contacto","status":"publish","type":"page","link":"https:\/\/doriscapurro.com\/wp\/language\/es\/contacto\/","title":{"rendered":"Contacto"},"content":{"rendered":"[mk_page_section bg_color=&#8221;#f8f8f8&#8243; bg_repeat=&#8221;no-repeat&#8221; bg_stretch=&#8221;true&#8221; js_vertical_centered=&#8221;true&#8221; padding_top=&#8221;100&#8243; padding_bottom=&#8221;100&#8243; sidebar=&#8221;sidebar-1&#8243;][vc_column width=&#8221;6\/12&#8243;][mk_custom_box margin_bottom=&#8221;0&#8243; min_height=&#8221;400&#8243; bg_image=&#8221;https:\/\/doriscapurro.com\/wp\/wp-content\/uploads\/2018\/03\/img-doris-capurro-board-member.jpg&#8221; bg_stretch=&#8221;true&#8221;][\/mk_custom_box][\/vc_column][vc_column width=&#8221;6\/12&#8243;][mk_custom_box padding_vertical=&#8221;50&#8243; padding_horizental=&#8221;40&#8243; margin_bottom=&#8221;0&#8243; min_height=&#8221;400&#8243;][mk_padding_divider][vc_column_text css=&#8221;.vc_custom_1522702980133{margin-bottom: 0px !important;}&#8221;]Puede contactar a Doris Capurro a trav\u00e9s del email y tel\u00e9fono de Luft Energ\u00eda, o utilizando sus redes sociales.[\/vc_column_text][vc_column_text css=&#8221;.vc_custom_1522702260625{margin-bottom: 0px !important;}&#8221;]info@luftenergia.com[\/vc_column_text][vc_column_text css=&#8221;.vc_custom_1643720218939{margin-bottom: 0px !important;}&#8221;]+54 9 11 2347-3980[\/vc_column_text][mk_social_networks size=&#8221;large&#8221; margin=&#8221;10&#8243; icon_color=&#8221;#1bbc9b&#8221; twitter=&#8221;https:\/\/twitter.com\/doriscapurro&#8221; google_plus=&#8221;https:\/\/plus.google.com\/+doriscapurro&#8221; linkedin=&#8221;linkedin.com\/in\/doriscapurro\/&#8221;][\/mk_custom_box][\/vc_column][\/mk_page_section]\n","protected":false},"excerpt":{"rendered":"<p>[mk_page_section bg_color=&#8221;#f8f8f8&#8243; bg_repeat=&#8221;no-repeat&#8221; bg_stretch=&#8221;true&#8221; js_vertical_centered=&#8221;true&#8221; padding_top=&#8221;100&#8243; padding_bottom=&#8221;100&#8243; sidebar=&#8221;sidebar-1&#8243;][vc_column width=&#8221;6\/12&#8243;][mk_custom_box margin_bottom=&#8221;0&#8243; min_height=&#8221;400&#8243; bg_image=&#8221;https:\/\/doriscapurro.com\/wp\/wp-content\/uploads\/2018\/03\/img-doris-capurro-board-member.jpg&#8221; bg_stretch=&#8221;true&#8221;][\/mk_custom_box][\/vc_column][vc_column width=&#8221;6\/12&#8243;][mk_custom_box padding_vertical=&#8221;50&#8243; padding_horizental=&#8221;40&#8243; margin_bottom=&#8221;0&#8243; min_height=&#8221;400&#8243;][mk_padding_divider][vc_column_text css=&#8221;.vc_custom_1522702980133{margin-bottom: 0px !important;}&#8221;]Puede contactar a Doris Capurro a trav\u00e9s del email y tel\u00e9fono de Luft Energ\u00eda, o utilizando sus redes sociales.[\/vc_column_text][vc_column_text css=&#8221;.vc_custom_1522702260625{margin-bottom: 0px !important;}&#8221;]info@luftenergia.com[\/vc_column_text][vc_column_text css=&#8221;.vc_custom_1643720218939{margin-bottom: 0px !important;}&#8221;]+54 9 11 2347-3980[\/vc_column_text][mk_social_networks size=&#8221;large&#8221; margin=&#8221;10&#8243; icon_color=&#8221;#1bbc9b&#8221; twitter=&#8221;https:\/\/twitter.com\/doriscapurro&#8221; google_plus=&#8221;https:\/\/plus.google.com\/+doriscapurro&#8221; linkedin=&#8221;linkedin.com\/in\/doriscapurro\/&#8221;][\/mk_custom_box][\/vc_column][\/mk_page_section]<\/p>\n","protected":false},"author":1,"featured_media":0,"parent":0,"menu_order":0,"comment_status":"closed","ping_status":"closed","template":"","meta":{"footnotes":""},"class_list":["post-348","page","type-page","status-publish","hentry"],"_links":{"self":[{"href":"https:\/\/doriscapurro.com\/wp\/wp-json\/wp\/v2\/pages\/348"}],"collection":[{"href":"https:\/\/doriscapurro.com\/wp\/wp-json\/wp\/v2\/pages"}],"about":[{"href":"https:\/\/doriscapurro.com\/wp\/wp-json\/wp\/v2\/types\/page"}],"author":[{"embeddable":true,"href":"https:\/\/doriscapurro.com\/wp\/wp-json\/wp\/v2\/users\/1"}],"replies":[{"embeddable":true,"href":"https:\/\/doriscapurro.com\/wp\/wp-json\/wp\/v2\/comments?post=348"}],"version-history":[{"count":2,"href":"https:\/\/doriscapurro.com\/wp\/wp-json\/wp\/v2\/pages\/348\/revisions"}],"predecessor-version":[{"id":588,"href":"https:\/\/doriscapurro.com\/wp\/wp-json\/wp\/v2\/pages\/348\/revisions\/588"}],"wp:attachment":[{"href":"https:\/\/doriscapurro.com\/wp\/wp-json\/wp\/v2\/media?parent=348"}],"curies":[{"name":"wp","href":"https:\/\/api.w.org\/{rel}","templated":true}]}}